{"id":931,"date":"2021-12-10T12:55:00","date_gmt":"2021-12-10T12:55:00","guid":{"rendered":"https:\/\/maisons-de-kerlioret.com\/?page_id=931"},"modified":"2022-05-22T08:03:40","modified_gmt":"2022-05-22T08:03:40","slug":"bonnes-adresses","status":"publish","type":"page","link":"https:\/\/www.maisons-de-kerlioret.com\/?page_id=931","title":{"rendered":"Bonnes adresses"},"content":{"rendered":"<table style=\"border: hidden; vertical-align: top;\">\n<tbody>\n<tr>\n<td style=\"border: hidden; width: 100px; vertical-align: top; font-weight: 900; font-size: 18px;\">\n<h3>Bars et Restaurants<\/h3>\n<\/td>\n<td style=\"border: hidden; width: 80%; padding-left: 100px; vertical-align: top;\">\n<ul>\n<li>Bars : <a href=\"https:\/\/www.facebook.com\/lecarre56\/\">Le Carr\u00e9<\/a>, <a href=\"https:\/\/fr-fr.facebook.com\/Etagelatrinite\/\">L&#8217;Etage<\/a>, <a href=\"https:\/\/fr-fr.facebook.com\/Labarkercafeconcert\">La Barker<\/a><\/li>\n<li>D\u00e9gustation hu\u00eetres :\u00a0<a href=\"https:\/\/www.ostreiculteur-trinitesurmer-morbihan.fr\/\">Istrenn<\/a>, <a href=\"https:\/\/fr-fr.facebook.com\/pages\/category\/Seafood-Restaurant\/La-Perle-de-Quehan-Maison-Quintin-106045072826653\/\">La Perle de Qu\u00e9han<\/a>, <a href=\"https:\/\/fr-fr.facebook.com\/leshuitresdevariste\">Les Hu\u00eetres d&#8217;Evariste<\/a>, <a href=\"https:\/\/cailloce.bzh\/\">Cailloce BZH<\/a><\/li>\n<li>Fruits de mer : <a href=\"https:\/\/www.morbihan.com\/la-trinite-sur-mer\/restaurant-le-quai\/tabid\/12660\/offreid\/190ca5b4-4970-4a78-8ec4-1c73797eb1e9\">Le Quai, <\/a><a style=\"font-family: inherit; font-size: inherit;\" href=\"https:\/\/granit-restaurant.fr\/\">Le Granit<\/a><\/li>\n<li>Cr\u00eaperies : <a href=\"https:\/\/creperiedubourg.jimdo.com\">Cr\u00eaperie du Bourg<\/a>, <a href=\"https:\/\/fr-fr.facebook.com\/tymalou\">Ty Malou<\/a>, <a href=\"https:\/\/www.facebook.com\/pg\/Creperie-le-Goeland-108975161296295\/community\">Cr\u00eaperie Le Go\u00e9land<\/a><\/li>\n<\/ul>\n<\/td>\n<\/tr>\n<tr>\n<td style=\"border: hidden; width: 100px; vertical-align: top; font-weight: bold; font-size: 18px;\">\n<h3>Loisirs<\/h3>\n<\/td>\n<td style=\"border: hidden; width: 800px; padding-left: 100px; vertical-align: top;\">\n<ul>\n<li>Plages : <a href=\"https:\/\/goo.gl\/maps\/piNJDzLSnrYpKkQy9\">Kernevest<\/a>, <a href=\"https:\/\/goo.gl\/maps\/acVRuo8L3qKqvcnF8\">Men Er Bellec<\/a>, <a href=\"https:\/\/goo.gl\/maps\/GRYysTW5WDLFyHRQ6\">Saint-Pierre<\/a><\/li>\n<li>Location de bateaux, kayaks, etc. : <a href=\"https:\/\/goo.gl\/maps\/piNJDzLSnrYpKkQy9\">Kernevest<\/a><\/li>\n<li>Balades : <a href=\"https:\/\/www.visorando.com\/randonnee-le-sentier-des-douaniers-de-la-trinite-s\/\">Randonn\u00e9es<\/a><\/li>\n<li>Cin\u00e9mas : <a href=\"https:\/\/www.facebook.com\/CinemaRexCarnac\/?locale2=fr_FR\">Cin\u00e9ma Rex Carnac<\/a><\/li>\n<\/ul>\n<\/td>\n<\/tr>\n<tr>\n<td style=\"border: hidden; width: 100px; vertical-align: top; font-weight: bold; font-size: 18px;\">\n<h3>Pour les enfants<\/h3>\n<\/td>\n<td style=\"border: hidden; width: 800px; padding-left: 100px; vertical-align: top;\">\n<ul>\n<li>Parcs d&#8217;attraction : <a href=\"&quot;https:\/\/www.parc-jeux-petit-delire.com\/\">Le P&#8217;tit D\u00e9lire<\/a>, <a href=\"https:\/\/www.foretadrenaline.com\/carnac\">For\u00eat Adr\u00e9naline<\/a><\/li>\n<li>Glaces : <a href=\"https:\/\/fr-fr.facebook.com\/LiglooCarnacArtisanGlacier\/\">L&#8217;Igloo Carnac<\/a><\/li>\n<\/ul>\n<\/td>\n<\/tr>\n<\/tbody>\n<\/table>\n","protected":false},"excerpt":{"rendered":"<p>Bars et Restaurants Bars : Le Carr\u00e9, L&#8217;Etage, La Barker D\u00e9gustation hu\u00eetres :\u00a0Istrenn, La Perle de Qu\u00e9han, Les Hu\u00eetres d&#8217;Evariste, Cailloce BZH Fruits de mer : Le Quai, Le Granit Cr\u00eaperies : Cr\u00eaperie du Bourg, Ty Malou, Cr\u00eaperie Le Go\u00e9land Loisirs Plages : Kernevest, Men Er Bellec, Saint-Pierre Location de bateaux, kayaks, etc. : Kernevest [&hellip;]<\/p>\n","protected":false},"author":1,"featured_media":0,"parent":0,"menu_order":0,"comment_status":"closed","ping_status":"closed","template":"","meta":{"footnotes":""},"_links":{"self":[{"href":"https:\/\/www.maisons-de-kerlioret.com\/index.php?rest_route=\/wp\/v2\/pages\/931"}],"collection":[{"href":"https:\/\/www.maisons-de-kerlioret.com\/index.php?rest_route=\/wp\/v2\/pages"}],"about":[{"href":"https:\/\/www.maisons-de-kerlioret.com\/index.php?rest_route=\/wp\/v2\/types\/page"}],"author":[{"embeddable":true,"href":"https:\/\/www.maisons-de-kerlioret.com\/index.php?rest_route=\/wp\/v2\/users\/1"}],"replies":[{"embeddable":true,"href":"https:\/\/www.maisons-de-kerlioret.com\/index.php?rest_route=%2Fwp%2Fv2%2Fcomments&post=931"}],"version-history":[{"count":30,"href":"https:\/\/www.maisons-de-kerlioret.com\/index.php?rest_route=\/wp\/v2\/pages\/931\/revisions"}],"predecessor-version":[{"id":982,"href":"https:\/\/www.maisons-de-kerlioret.com\/index.php?rest_route=\/wp\/v2\/pages\/931\/revisions\/982"}],"wp:attachment":[{"href":"https:\/\/www.maisons-de-kerlioret.com\/index.php?rest_route=%2Fwp%2Fv2%2Fmedia&parent=931"}],"curies":[{"name":"wp","href":"https:\/\/api.w.org\/{rel}","templated":true}]}}