{"id":2,"date":"2015-01-31T14:55:30","date_gmt":"2015-01-31T14:55:30","guid":{"rendered":"https:\/\/maisons-de-kerlioret.com\/?page_id=2"},"modified":"2024-10-06T16:09:35","modified_gmt":"2024-10-06T16:09:35","slug":"page-d-exemple","status":"publish","type":"page","link":"https:\/\/www.maisons-de-kerlioret.com\/","title":{"rendered":"Description"},"content":{"rendered":"<p style=\"text-align: center;\"><div id=\"gallery\" class=\"block\">\n\t\t\t<!-- START Ensemble REVOLUTION SLIDER 6.2.12 --><p class=\"rs-p-wp-fix\"><\/p>\n\t\t\t<rs-module-wrap id=\"rev_slider_3_1_wrapper\" data-source=\"gallery\" data-aimg=\"\"  style=\"background:#E9E9E9;padding:0;margin:0px auto;margin-top:0;margin-bottom:0;\">\n\t\t\t\t<rs-module id=\"rev_slider_3_1\" style=\"\" data-version=\"6.2.12\">\n\t\t\t\t\t<rs-slides>\n\t\t\t\t\t\t<rs-slide data-key=\"rs-13\" data-title=\"Slide\" data-anim=\"ei:d;eo:d;s:1000;r:0;t:fade;sl:0;\">\n\t\t\t\t\t\t\t<img decoding=\"async\" src=\"\/\/maisons-de-kerlioret.com\/wp-content\/uploads\/2015\/04\/Maisons-6bis.png\" title=\"Description\" class=\"rev-slidebg\" data-no-retina>\n<!---->\t\t\t\t\t\t<\/rs-slide>\n\t\t\t\t\t\t<rs-slide data-key=\"rs-20\" data-title=\"Slide\" data-anim=\"ei:d;eo:d;s:1000;r:0;t:fade;sl:0;\">\n\t\t\t\t\t\t\t<img loading=\"lazy\" decoding=\"async\" src=\"\/\/maisons-de-kerlioret.com\/wp-content\/uploads\/2021\/12\/Maison-A-Nord-long.jpg\" title=\"Maison A Nord long\" width=\"1575\" height=\"500\" class=\"rev-slidebg\" data-no-retina>\n<!---->\t\t\t\t\t\t<\/rs-slide>\n\t\t\t\t\t\t<rs-slide data-key=\"rs-21\" data-title=\"Slide\" data-anim=\"ei:d;eo:d;s:1000;r:0;t:fade;sl:0;\">\n\t\t\t\t\t\t\t<img loading=\"lazy\" decoding=\"async\" src=\"\/\/maisons-de-kerlioret.com\/wp-content\/uploads\/2021\/12\/Maison-C-Ouest-long.jpg\" title=\"Maison C Ouest long\" width=\"1575\" height=\"500\" class=\"rev-slidebg\" data-no-retina>\n<!---->\t\t\t\t\t\t<\/rs-slide>\n\t\t\t\t\t\t<rs-slide data-key=\"rs-22\" data-title=\"Slide\" data-anim=\"ei:d;eo:d;s:1000;r:0;t:fade;sl:0;\">\n\t\t\t\t\t\t\t<img loading=\"lazy\" decoding=\"async\" src=\"\/\/maisons-de-kerlioret.com\/wp-content\/uploads\/2021\/12\/Piscine-long.jpg\" title=\"Piscine long\" width=\"1575\" height=\"500\" class=\"rev-slidebg\" data-no-retina>\n<!---->\t\t\t\t\t\t<\/rs-slide>\n\t\t\t\t\t<\/rs-slides>\n\t\t\t\t<\/rs-module>\n\t\t\t\t<script type=\"text\/javascript\">\n\t\t\t\t\tsetREVStartSize({c: 'rev_slider_3_1',rl:[1240,1024,778,480],el:[500],gw:[1575],gh:[500],type:'standard',justify:'',layout:'fullwidth',mh:\"0\"});\n\t\t\t\t\tvar\trevapi3,\n\t\t\t\t\t\ttpj;\n\t\t\t\t\tjQuery(function() {\n\t\t\t\t\t\ttpj = jQuery;\n\t\t\t\t\t\trevapi3 = tpj(\"#rev_slider_3_1\")\n\t\t\t\t\t\ttpj.noConflict();\n\t\t\t\t\t\tif(revapi3==undefined || revapi3.revolution == undefined){\n\t\t\t\t\t\t\trevslider_showDoubleJqueryError(\"rev_slider_3_1\");\n\t\t\t\t\t\t}else{\n\t\t\t\t\t\t\trevapi3.revolution({\n\t\t\t\t\t\t\t\tsliderLayout:\"fullwidth\",\n\t\t\t\t\t\t\t\tduration:\"4000ms\",\n\t\t\t\t\t\t\t\tvisibilityLevels:\"1240,1024,778,480\",\n\t\t\t\t\t\t\t\tgridwidth:1575,\n\t\t\t\t\t\t\t\tgridheight:500,\n\t\t\t\t\t\t\t\tautoHeight:true,\n\t\t\t\t\t\t\t\tspinner:\"spinner0\",\n\t\t\t\t\t\t\t\tperspective:600,\n\t\t\t\t\t\t\t\tperspectiveType:\"local\",\n\t\t\t\t\t\t\t\teditorheight:\"500,768,960,720\",\n\t\t\t\t\t\t\t\tresponsiveLevels:\"1240,1024,778,480\",\n\t\t\t\t\t\t\t\tshadow:2,\n\t\t\t\t\t\t\t\tprogressBar: {\n\t\t\t\t\t\t\t\t\tcolor:\"#FFFFFF\",\n\t\t\t\t\t\t\t\t\tvertical:\"top\",\n\t\t\t\t\t\t\t\t\tsize:5,\n\t\t\t\t\t\t\t\t\tx:0,\n\t\t\t\t\t\t\t\t\ty:0\n\t\t\t\t\t\t\t\t},\n\t\t\t\t\t\t\t\tnavigation: {\n\t\t\t\t\t\t\t\t\tmouseScrollNavigation:false,\n\t\t\t\t\t\t\t\t\tonHoverStop:false,\n\t\t\t\t\t\t\t\t\ttouch: {\n\t\t\t\t\t\t\t\t\t\ttouchenabled:true,\n\t\t\t\t\t\t\t\t\t\tswipe_threshold:0\n\t\t\t\t\t\t\t\t\t}\n\t\t\t\t\t\t\t\t},\n\t\t\t\t\t\t\t\tfallbacks: {\n\t\t\t\t\t\t\t\t\tsimplifyAll:\"\",\n\t\t\t\t\t\t\t\t\tallowHTML5AutoPlayOnAndroid:true\n\t\t\t\t\t\t\t\t},\n\t\t\t\t\t\t\t});\n\t\t\t\t\t\t}\n\t\t\t\t\t\t\n\t\t\t\t\t});\n\t\t\t\t<\/script>\n\t\t\t<\/rs-module-wrap>\n\t\t\t<!-- END REVOLUTION SLIDER -->\n<\/div>\n<div class=\"block \">\n\t\n            \t    <div class=\"container\">\n            \t    \n                             <div class=\"row animated-content slideInLeft\">\n\t\n    \t           <div class=\"col-md-10 col-md-offset-1 animated-content slideInLeft\">\n                \t\n                \t    <h2 class=\"text-center\">UN ENSEMBLE DE DEUX MAISONS ANCIENNES R\u00c9NOV\u00c9ES<\/h2>\n                \t    <span class=\"h2-divider\"><\/span>\n                \t    \n                \t    \n                   <\/div>\n                   \n               <\/div>\n<p>Magnifique propri\u00e9t\u00e9 dans un quartier tr\u00e8s calme, c&#8217;est une ancienne ferme r\u00e9nov\u00e9e il y a quinze ans, comprenant<span class=\"highlight-text\">deux maisons ind\u00e9pendantes sur un terrain de 2.500 m\u00b2<span class=\"highlight-text\"><\/span> dans le hameau de Kerlioret, avec<span class=\"highlight-text\"><\/span>une piscine chauff\u00e9e de 12 m x 6 m<\/span>\u00a0(ferm\u00e9e d&#8217;octobre \u00e0 avril).<\/p>\n<p>L&#8217;ensemble comprend :<\/p>\n<div class=\"row\">\n\n                  <div class=\"col-md-6\">\n\n                 \n<div class=\"gallery-item \" style=\"width: 100%; height: auto;\"><a class=\"fancybox\" title=\"\" href=\"https:\/\/maisons-de-kerlioret.com\/wp-content\/uploads\/2021\/12\/IMG_2229-scaled.jpeg\" ><img decoding=\"async\" class=\"img-responsive\" alt=\"\" src=\"https:\/\/maisons-de-kerlioret.com\/wp-content\/uploads\/2021\/12\/IMG_2229-scaled.jpeg\"  \/><div class=\"overlay\"><div class=\"overlay-meta\"><h3><\/h3><span class=\"caption\"><\/span><\/div><\/div><\/a><\/div>\n<div class=\"blank_divider\" style=\"height: 50px;\"><\/div><div class=\"blank_divider\" style=\"height: 350px;\"><\/div>\n<span class=\"highlight-text\">Une maison pour 5 personnes<\/span>\navec une terrasse d&#8217;environ 25m\u00b2 expos\u00e9e Est :<\/p>\n<ul>\n<li>1 cuisine ouverte sur une salle \u00e0 manger donnant sur la terrasse c\u00f4t\u00e9 piscine<\/li>\n<li>1 arri\u00e8re cuisine \/ buanderie<\/li>\n<li>1 salon avec chemin\u00e9e<\/li>\n<li>1 chambre lit 160 x 200<\/li>\n<li>1 salle de bain avec WC<\/li>\n<li>1 chambre avec lit 90 x 200<\/li>\n<li>1 chambre avec 2 lits 90 x 200 + lit b\u00e9b\u00e9<\/li>\n<li>1 salle de bain<\/li>\n<li>1 WC ind\u00e9pendant<\/li>\n<\/ul>\n\n\t            \n\t           <!-- END .col -->\n\t           <\/div><div class=\"col-md-6\">\n\n                 \n<div class=\"gallery-item \" style=\"width: 100%; height: auto;\"><a class=\"fancybox\" title=\"\" href=\"https:\/\/maisons-de-kerlioret.com\/wp-content\/uploads\/2021\/12\/Exte\u0301rieur-maison-A-4-scaled.jpg\" ><img decoding=\"async\" class=\"img-responsive\" alt=\"\" src=\"https:\/\/maisons-de-kerlioret.com\/wp-content\/uploads\/2021\/12\/Exte\u0301rieur-maison-A-4-scaled.jpg\"  \/><div class=\"overlay\"><div class=\"overlay-meta\"><h3><\/h3><span class=\"caption\"><\/span><\/div><\/div><\/a><\/div>\n<div class=\"blank_divider\" style=\"height: 50px;\"><\/div><div class=\"blank_divider\" style=\"height: 350px;\"><\/div>\n<span class=\"highlight-text\">Une maison pour 9 personnes<\/span>\navec une terrasse d&#8217;environ 25m\u00b2 expos\u00e9e Est :<\/p>\n<ul>\n<li>1 grande pi\u00e8ce \u00e0 vivre salon \/ salle \u00e0 manger \/ cuisine \u00e9quip\u00e9e<\/li>\n<li>1 salle \u00e0 manger d&#8217;\u00e9t\u00e9 donnant sur la terrasse c\u00f4t\u00e9 piscine<\/li>\n<li>1 salon avec chemin\u00e9e et home cin\u00e9ma (vid\u00e9o-projecteur)<\/li>\n<li>1 chambre 160 x 200<\/li>\n<li>1 chambre 2 lits 80 x 200 r\u00e9unis en un lit 160<\/li>\n<li>1 chambre 2 lits 80 x 200<\/li>\n<li>1 chambre 3 lits 80 x 190<\/li>\n<li>1 salle de bain + douche + WC<\/li>\n<li>1 salle de douche + WC<\/li>\n<li>1 salle de bain<\/li>\n<li>2 WC ind\u00e9pendants<\/li>\n<\/ul>\n\n\t            \n\t           <!-- END .col -->\n\t           <\/div> \n\t            \n\t           <!-- END .row -->\n\t           <\/div>\n<div class=\"col-md-12\">\n                        <div id=\"details-items\" class=\"row\">\n            \n                            <div class=\"col-md-12 animated-content fadeIn animate\">\n                            \n                                <ul class=\"details-list\">\n                                \n                                    \n                                    <li><i class=\"ss-icon\">home<\/i><span>420 m2<\/span><\/li>\n<li><i class=\"ss-icon\">wifi<\/i><span>wifi<\/span><\/li>\n<li><i class=\"ss-icon\">usergroup<\/i><span> 14 personnes<\/span><\/li>\n<li><i class=\"ss-icon\">inbox<\/i><span> Piscine chauff\u00e9e 12 m x 6 m<\/span><\/li>\n    \n                                \n                                <\/ul>\n                                \n                            <\/div>\n                       \n                       <\/div>\n                       \n                       <div id=\"details-content\" class=\"row\">\n                               \n                           \n                                                 \n                       <\/div>\n                   <\/div>\n<div class=\"block\"> \n\t     \n                     <!-- BEGIN .container -->\n                     <div class=\"container\">\n                     \n                              <div class=\"row animated-content slideInLeft\">\n\t\n    \t           <div class=\"col-md-10 col-md-offset-1 animated-content slideInLeft\">\n                \t\n                \t    <h2 class=\"text-center\">Equipements<\/h2>\n                \t    <span class=\"h2-divider\"><\/span>\n                \t    \n                \t    \n                   <\/div>\n                   \n               <\/div>         \n                             \n                         <!-- BEGIN .row -->\n                         <div class=\"row\">\n                         \n                             <div class=\"col-md-12 animated-content fadeIn\">\n                             \n                                 <ul class=\"check-list\">\n                             \n                                     <li class=\"floated \">Vaisselle, couverts et ustensiles de cuisine<\/li>\n<li class=\"floated \">R\u00e9frig\u00e9rateur et cong\u00e9lateur<\/li>\n<li class=\"floated \">Plaques de cuisson, four et grill<\/li>\n<li class=\"floated \">Mat\u00e9riel b\u00e9b\u00e9 (2 lits et chaise haute)<\/li>\n<li class=\"floated \">Lave-vaisselle<\/li>\n<li class=\"floated \">Lave-linge et S\u00e8che-linge<\/li>\n<div class=\"collapsible-container\">\n\t\t\t              \n\t\t\t                         <a class=\"collapsible-header\" href=\"#\">Show more amenities<\/a>\n\t\t\t                 \n\t\t\t                         <div class=\"collapsible-content\">\n\t\t\t                 \n\t\t\t                             <div class=\"collapsible-inner\">\n<li class=\"floated \">Home Cin\u00e9ma<\/li>\n<li class=\"floated \">Barbecue<\/li>\n<li class=\"floated \">Mobilier de jardin et de piscine<\/li>\n<\/div><\/div><\/div>\n                             \n                                 <\/ul>\n                             \n                             <\/div>\n                                                     \n                         <!-- END .row -->\n                         <\/div>\n                     \n                     <!-- END .container -->\n                     <\/div>    \n                 \n                 <!-- END .block 5 -->\n                 <\/div>\n<div id=\"contacts\" class=\"block\">\n\t\n            \t    <!-- BEGIN .container -->\n            \t    <div class=\"container\">\n            \t    \n            \t        <!-- BEGIN .row -->\n            \t        <div class=\"row\">\n            \t        \n            \t           <div class=\"col-sm-4\">\n            \t           \n\t                           <h2 class=\"animated-content slideInLeft\">SAINT PHILIBERT<\/h2>\n\t                           <span class=\"h2-divider animated-content slideInLeft\"><\/span>\n\t                           \n\t                           <p class=\"animated-content fadeIn\">Saint Philibert est un petit village situ\u00e9 entre La Trinit\u00e9 sur Mer et Locmariaquer. De nombreuses promenades sont possibles \u00e0 v\u00e9lo ou \u00e0 pied pour d\u00e9couvrir le littoral.<\/p>\n\t                           \n\t                           \n\t                       <\/div>\n\t                       \n\t                       <div class=\"col-sm-6 col-sm-offset-2\">\n\t                       \n\t                           <h2 class=\"animated-content slideInLeft\">CONTACT<\/h2>\n\t                           <span class=\"h2-divider animated-content slideInLeft\"><\/span>\n\t                           \n\t                           <p class=\"animated-content fadeIn\"><\/p>\n\t                           \n\t                           \n\t                       <\/div>\n            \t            \n            \t        <!-- END .row -->\n            \t        <\/div>\n            \t        \n            \t    <!-- END .container -->\n            \t    <\/div>    \n            \t\n            \t<!-- END .block 8 -->\n            \t<\/div>\n<div class=\"row\">\n\n                  <div class=\"col-md-6\">\n\n                 \n<p style=\"text-align: center;\"><iframe loading=\"lazy\" style=\"border: 0;\" src=\"https:\/\/www.google.com\/maps\/embed?pb=!1m18!1m12!1m3!1d232782.1284744564!2d-2.8155971215020714!3d47.55397662713037!2m3!1f0!2f0!3f0!3m2!1i1024!2i768!4f13.1!3m3!1m2!1s0x48101242952989f7%3A0x68a4a2ace01ac939!2s9%20Kerlioret%2C%2056470%20Saint-Philibert!5e1!3m2!1sfr!2sfr!4v1639048563231!5m2!1sfr!2sfr\" width=\"500\" height=\"500\" allowfullscreen=\"allowfullscreen\"><\/iframe><\/p>\n\n\t            \n\t           <!-- END .col -->\n\t           <\/div><div class=\"col-md-6\">\n\n                 \n<iframe loading=\"lazy\" src=\"https:\/\/www.geoportail.gouv.fr\/embed\/visu.html?c=-2.989763046391513,47.58798452656662&amp;z=19&amp;l0=ORTHOIMAGERY.ORTHOPHOTOS::GEOPORTAIL:OGC:WMTS(1)&amp;permalink=yes\" width=\"500\" height=\"500\" frameborder=\"0\" marginwidth=\"0\" marginheight=\"0\" scrolling=\"no\" sandbox=\"allow-forms allow-scripts allow-same-origin\" allowfullscreen=\"allowfullscreen\"><\/iframe><br \/>\n\n\t            \n\t           <!-- END .col -->\n\t           <\/div> \n\t            \n\t           <!-- END .row -->\n\t           <\/div>\n\n            \t                \n            \t    <!-- END .container -->\n            \t    <\/div>    \n            \t\n            \t<!-- END .block -->\n            \t<\/div>\n","protected":false},"excerpt":{"rendered":"","protected":false},"author":1,"featured_media":0,"parent":0,"menu_order":0,"comment_status":"closed","ping_status":"closed","template":"template-home.php","meta":{"footnotes":""},"_links":{"self":[{"href":"https:\/\/www.maisons-de-kerlioret.com\/index.php?rest_route=\/wp\/v2\/pages\/2"}],"collection":[{"href":"https:\/\/www.maisons-de-kerlioret.com\/index.php?rest_route=\/wp\/v2\/pages"}],"about":[{"href":"https:\/\/www.maisons-de-kerlioret.com\/index.php?rest_route=\/wp\/v2\/types\/page"}],"author":[{"embeddable":true,"href":"https:\/\/www.maisons-de-kerlioret.com\/index.php?rest_route=\/wp\/v2\/users\/1"}],"replies":[{"embeddable":true,"href":"https:\/\/www.maisons-de-kerlioret.com\/index.php?rest_route=%2Fwp%2Fv2%2Fcomments&post=2"}],"version-history":[{"count":230,"href":"https:\/\/www.maisons-de-kerlioret.com\/index.php?rest_route=\/wp\/v2\/pages\/2\/revisions"}],"predecessor-version":[{"id":1054,"href":"https:\/\/www.maisons-de-kerlioret.com\/index.php?rest_route=\/wp\/v2\/pages\/2\/revisions\/1054"}],"wp:attachment":[{"href":"https:\/\/www.maisons-de-kerlioret.com\/index.php?rest_route=%2Fwp%2Fv2%2Fmedia&parent=2"}],"curies":[{"name":"wp","href":"https:\/\/api.w.org\/{rel}","templated":true}]}}